{"id":111,"date":"2023-03-04T13:16:24","date_gmt":"2023-03-04T13:16:24","guid":{"rendered":"http:\/\/akce.local\/?page_id=111"},"modified":"2023-04-25T11:16:56","modified_gmt":"2023-04-25T11:16:56","slug":"registrace","status":"publish","type":"page","link":"https:\/\/denik.mikulasske.cz\/?page_id=111","title":{"rendered":"Sta\u0148 se autorem"},"content":{"rendered":"<p>Jsi za\u010d\u00ednaj\u00edc\u00ed novin\u00e1\u0159 nebo spisovatel studuj\u00edc\u00ed na Gymn\u00e1ziu Plze\u0148, Mikul\u00e1\u0161sk\u00e9 n\u00e1m. 23? Nebo se jen chce\u0161 se sv\u011btem pod\u011blit o tv\u016fj n\u00e1zor na nov\u00fd d\u00edl seri\u00e1lu? Nev\u00e1hej se zaregistrovat!<\/p>\n<p><strong>O \u010dem m\u016f\u017eu ps\u00e1t?<\/strong><\/p>\n<p>Vlastn\u011b skoro o v\u0161em, co t\u011b napadne, a\u0165 u\u017e jde o sv\u011bt vrcholov\u00e9 politiky, dom\u00e1c\u00edch mazl\u00ed\u010dk\u016f, objev\u016f ve sv\u011bt\u011b fyziky, nebo t\u0159eba recenze nov\u00e9ho filmu. Nebr\u00e1n\u00edme se ani um\u011bleck\u00fdm text\u016fm, tak\u017ee pokud chce\u0161 uve\u0159ejnit tv\u016fj p\u0159\u00edb\u011bh, vzh\u016fru na to!<\/p>\n<p><em>Po vypln\u011bn\u00ed dotazn\u00edku se s tebou spoj\u00ed n\u011bkdo z redakce a domluv\u00edme se. V\u0161echny informace slou\u017e\u00ed jenom k tomu, abychom v\u011bd\u011bli, s k\u00fdm m\u00e1me tu \u010dest.<\/em><\/p>\n","protected":false},"excerpt":{"rendered":"<p>Jsi za\u010d\u00ednaj\u00edc\u00ed novin\u00e1\u0159 nebo spisovatel studuj\u00edc\u00ed na Gymn\u00e1ziu Plze\u0148, Mikul\u00e1\u0161sk\u00e9 n\u00e1m. 23? Nebo se jen chce\u0161 se sv\u011btem pod\u011blit o tv\u016fj n\u00e1zor na nov\u00fd d\u00edl seri\u00e1lu? Nev\u00e1hej se zaregistrovat! O \u010dem m\u016f\u017eu ps\u00e1t? Vlastn\u011b skoro o v\u0161em, co t\u011b napadne, a\u0165 u\u017e jde o sv\u011bt vrcholov\u00e9 politiky, dom\u00e1c\u00edch mazl\u00ed\u010dk\u016f, objev\u016f ve sv\u011bt\u011b fyziky, nebo t\u0159eba [&hellip;]<\/p>\n","protected":false},"author":1,"featured_media":2971,"parent":0,"menu_order":0,"comment_status":"closed","ping_status":"closed","template":"","meta":{"_acf_changed":false,"footnotes":""},"acf":[],"_links":{"self":[{"href":"https:\/\/denik.mikulasske.cz\/index.php?rest_route=\/wp\/v2\/pages\/111"}],"collection":[{"href":"https:\/\/denik.mikulasske.cz\/index.php?rest_route=\/wp\/v2\/pages"}],"about":[{"href":"https:\/\/denik.mikulasske.cz\/index.php?rest_route=\/wp\/v2\/types\/page"}],"author":[{"embeddable":true,"href":"https:\/\/denik.mikulasske.cz\/index.php?rest_route=\/wp\/v2\/users\/1"}],"replies":[{"embeddable":true,"href":"https:\/\/denik.mikulasske.cz\/index.php?rest_route=%2Fwp%2Fv2%2Fcomments&post=111"}],"version-history":[{"count":4,"href":"https:\/\/denik.mikulasske.cz\/index.php?rest_route=\/wp\/v2\/pages\/111\/revisions"}],"predecessor-version":[{"id":3373,"href":"https:\/\/denik.mikulasske.cz\/index.php?rest_route=\/wp\/v2\/pages\/111\/revisions\/3373"}],"wp:featuredmedia":[{"embeddable":true,"href":"https:\/\/denik.mikulasske.cz\/index.php?rest_route=\/wp\/v2\/media\/2971"}],"wp:attachment":[{"href":"https:\/\/denik.mikulasske.cz\/index.php?rest_route=%2Fwp%2Fv2%2Fmedia&parent=111"}],"curies":[{"name":"wp","href":"https:\/\/api.w.org\/{rel}","templated":true}]}}